{"id":867,"date":"2022-04-18T11:51:20","date_gmt":"2022-04-18T11:51:20","guid":{"rendered":"http:\/\/localhost:8080\/?page_id=867"},"modified":"2022-11-18T07:51:08","modified_gmt":"2022-11-18T07:51:08","slug":"sample-page","status":"publish","type":"page","link":"https:\/\/letsgetfit-game.com\/de\/","title":{"rendered":"Home"},"content":{"rendered":"\n<section >\n    \n\t<div \n            class=\"youtube\" \n            style=\"background-image:url('https:\/\/letsgetfit-game.com\/wp-content\/uploads\/2022\/04\/55a3a39a122836dcf984ddb8b5a92deb.jpg');\"\n            data-videoid=\"Jpn4fpHSvAE\">\n        <a class=\"preview\" href=\"#\">\n            <img decoding=\"async\" src=\"https:\/\/letsgetfit-game.com\/wp-content\/uploads\/2022\/04\/075c4d7838318b7b0012e8801687dc67.png\" alt=\"\" \/>\n        <\/a>\n        \n        <div class=\"content\">\n            \n                        \n            <h2>Bring dich in Form mit<\/h2>\n<h3>Let&#8217;s Get Fit!<\/h3>\n<p>W\u00e4hle aus einer Vielzahl von Workout-Programmen, von Gymnastik bis hin zu intensiven Trainingseinheiten, und verfolge deine Fortschritte im spielinternen Kalender. <\/p>\n<p>Schlie\u00dfe Challenges ab oder stelle dir ein Workout-Programm aus 100 Fitness\u00fcbungen zusammen, das auf deine pers\u00f6nlichen Bed\u00fcrfnisse abgestimmt ist und die Kr\u00e4ftigung und Straffung aller K\u00f6rperpartien garantiert.<\/p>\n            \n        <\/div>\n\n    <\/div>\n        \n<\/section>\n\n\n\n<section \n        class=\"parallax\"\n        style=\"background-image:url('https:\/\/letsgetfit-game.com\/wp-content\/uploads\/2022\/05\/bg_prallax.png'); min-height:200px;\"\n        >\n\t\n\t    \t\n<\/section> \n\n\n    \n\n    <section  data-scrolltitle=\"Features\" >\n        <div class=\"lgf_columns_wrap\">    \n            \n            <h2>Features<\/h2>            \n            <div class=\"lgf_columns lgf_columns_1\" id=\"lgf_columns_block_6269939f62ae2\" >\n        \n                \n\n\n    <section class=\"lgf_column\">\n        \n                <h2 class=\"layout1\">Training<\/h2>\n                \n                    \n            <img loading=\"lazy\" decoding=\"async\" width=\"120\" height=\"120\" src=\"https:\/\/letsgetfit-game.com\/wp-content\/uploads\/2022\/05\/icon_workout.png\" class=\"attachment-lgf-column-img1 size-lgf-column-img1\" alt=\"\" \/>            \n                \n        <div class=\"layout3\">\n            <img loading=\"lazy\" decoding=\"async\" width=\"120\" height=\"120\" src=\"https:\/\/letsgetfit-game.com\/wp-content\/uploads\/2022\/05\/icon_workout.png\" class=\"attachment-lgf-column-img1 size-lgf-column-img1\" alt=\"\" \/>   \n        <\/div>\n        \n        <div class=\"inner\">\n                \n                        <h2 class=\"layout2\">Training<\/h2>\n                        \n            <p style=\"text-align: left;\">Trainiere spezielle Muskelgruppen oder mache einen Ganzk\u00f6rper-Workout<\/p>\n        \n        <\/div>\n            \n    <\/section>\n\n\n\n\n\n    <section class=\"lgf_column\">\n        \n                <h2 class=\"layout1\">Individuelles Profil<\/h2>\n                \n                    \n            <img loading=\"lazy\" decoding=\"async\" width=\"120\" height=\"120\" src=\"https:\/\/letsgetfit-game.com\/wp-content\/uploads\/2022\/05\/icon-profile.png\" class=\"attachment-lgf-column-img1 size-lgf-column-img1\" alt=\"\" \/>            \n                \n        <div class=\"layout3\">\n            <img loading=\"lazy\" decoding=\"async\" width=\"120\" height=\"120\" src=\"https:\/\/letsgetfit-game.com\/wp-content\/uploads\/2022\/05\/icon-profile.png\" class=\"attachment-lgf-column-img1 size-lgf-column-img1\" alt=\"\" \/>   \n        <\/div>\n        \n        <div class=\"inner\">\n                \n                        <h2 class=\"layout2\">Individuelles Profil<\/h2>\n                        \n            <p style=\"text-align: left;\">Erstelle ein Profil, um Workouts nach Wunsch zu planen<\/p>\n        \n        <\/div>\n            \n    <\/section>\n\n\n\n\n\n    <section class=\"lgf_column\">\n        \n                <h2 class=\"layout1\">Achievements<\/h2>\n                \n                    \n            <img loading=\"lazy\" decoding=\"async\" width=\"120\" height=\"120\" src=\"https:\/\/letsgetfit-game.com\/wp-content\/uploads\/2022\/05\/icon_achievment.png\" class=\"attachment-lgf-column-img1 size-lgf-column-img1\" alt=\"\" \/>            \n                \n        <div class=\"layout3\">\n            <img loading=\"lazy\" decoding=\"async\" width=\"120\" height=\"120\" src=\"https:\/\/letsgetfit-game.com\/wp-content\/uploads\/2022\/05\/icon_achievment.png\" class=\"attachment-lgf-column-img1 size-lgf-column-img1\" alt=\"\" \/>   \n        <\/div>\n        \n        <div class=\"inner\">\n                \n                        <h2 class=\"layout2\">Achievements<\/h2>\n                        \n            <p>Schalte Erfolge und Troph\u00e4en frei, um dich zu motivieren<\/p>\n        \n        <\/div>\n            \n    <\/section>\n\n\n\n\n\n    <section class=\"lgf_column\">\n        \n                <h2 class=\"layout1\">Abwechslung<\/h2>\n                \n                    \n            <img loading=\"lazy\" decoding=\"async\" width=\"120\" height=\"120\" src=\"https:\/\/letsgetfit-game.com\/wp-content\/uploads\/2022\/05\/icon-leaderboard.png\" class=\"attachment-lgf-column-img1 size-lgf-column-img1\" alt=\"\" \/>            \n                \n        <div class=\"layout3\">\n            <img loading=\"lazy\" decoding=\"async\" width=\"120\" height=\"120\" src=\"https:\/\/letsgetfit-game.com\/wp-content\/uploads\/2022\/05\/icon-leaderboard.png\" class=\"attachment-lgf-column-img1 size-lgf-column-img1\" alt=\"\" \/>   \n        <\/div>\n        \n        <div class=\"inner\">\n                \n                        <h2 class=\"layout2\">Abwechslung<\/h2>\n                        \n            <p style=\"text-align: left;\">\u00dcber 100 Fitness\u00fcbungen verf\u00fcgbar, von Gymnastik bis hin zu intensiven Trainingseinheiten<\/p>\n        \n        <\/div>\n            \n    <\/section>\n\n\n\n\n\n    <section class=\"lgf_column\">\n        \n                <h2 class=\"layout1\">In-game Kalender<\/h2>\n                \n                    \n            <img loading=\"lazy\" decoding=\"async\" width=\"120\" height=\"120\" src=\"https:\/\/letsgetfit-game.com\/wp-content\/uploads\/2022\/05\/icon_calendar.png\" class=\"attachment-lgf-column-img1 size-lgf-column-img1\" alt=\"\" \/>            \n                \n        <div class=\"layout3\">\n            <img loading=\"lazy\" decoding=\"async\" width=\"120\" height=\"120\" src=\"https:\/\/letsgetfit-game.com\/wp-content\/uploads\/2022\/05\/icon_calendar.png\" class=\"attachment-lgf-column-img1 size-lgf-column-img1\" alt=\"\" \/>   \n        <\/div>\n        \n        <div class=\"inner\">\n                \n                        <h2 class=\"layout2\">In-game Kalender<\/h2>\n                        \n            <p>Der spieleigene Kalender zeichnet alle deine Fortschritte auf<\/p>\n        \n        <\/div>\n            \n    <\/section>\n\n\n\n\n\n    <section class=\"lgf_column\">\n        \n                <h2 class=\"layout1\">Sports Strap Set<\/h2>\n                \n                    \n            <img loading=\"lazy\" decoding=\"async\" width=\"120\" height=\"120\" src=\"https:\/\/letsgetfit-game.com\/wp-content\/uploads\/2022\/05\/icon-strapset.png\" class=\"attachment-lgf-column-img1 size-lgf-column-img1\" alt=\"\" \/>            \n                \n        <div class=\"layout3\">\n            <img loading=\"lazy\" decoding=\"async\" width=\"120\" height=\"120\" src=\"https:\/\/letsgetfit-game.com\/wp-content\/uploads\/2022\/05\/icon-strapset.png\" class=\"attachment-lgf-column-img1 size-lgf-column-img1\" alt=\"\" \/>   \n        <\/div>\n        \n        <div class=\"inner\">\n                \n                        <h2 class=\"layout2\">Sports Strap Set<\/h2>\n                        \n            <p style=\"text-align: left;\">Kombiniere die Joy-Con\u2122-Controller mit Gurten, um deine Bewegungen pr\u00e4zise zu erfassen<\/p>\n        \n        <\/div>\n            \n    <\/section>\n\n\n\n        \n            <\/div>\n            \n        <\/div>\n    <\/section>\n        \n \n\n\n<section \n        class=\"parallax\"\n        style=\"background-image:url('https:\/\/letsgetfit-game.com\/wp-content\/uploads\/2022\/05\/bg_prallax.png'); min-height:200px;\"\n        >\n\t\n\t    \t\n<\/section> \n\n\n    \n\n    <section  data-scrolltitle=\"Game Modi\" >\n        <div class=\"lgf_columns_wrap\">    \n            \n            <h2>Game Modi<\/h2>            \n            <div class=\"lgf_columns lgf_columns_2\" id=\"lgf_columns_block_626b908fc3e01\" >\n        \n                \n\n\n    <section class=\"lgf_column\">\n        \n                <h2 class=\"layout1\">Frei<\/h2>\n                \n                    \n            <img loading=\"lazy\" decoding=\"async\" width=\"253\" height=\"270\" src=\"https:\/\/letsgetfit-game.com\/wp-content\/uploads\/2022\/05\/game-mode-free.png\" class=\"attachment-lgf-column-img1 size-lgf-column-img1\" alt=\"\" \/>            \n                \n        <div class=\"layout3\">\n            <img loading=\"lazy\" decoding=\"async\" width=\"253\" height=\"270\" src=\"https:\/\/letsgetfit-game.com\/wp-content\/uploads\/2022\/05\/game-mode-free.png\" class=\"attachment-lgf-column-img1 size-lgf-column-img1\" alt=\"\" \/>   \n        <\/div>\n        \n        <div class=\"inner\">\n                \n                        <h2 class=\"layout2\">Frei<\/h2>\n                        \n            <p style=\"text-align: left;\">Create your own workouts in 7 easy steps or choose among a list of pre-made instant workouts<\/p>\n        \n        <\/div>\n            \n    <\/section>\n\n\n\n\n\n    <section class=\"lgf_column\">\n        \n                <h2 class=\"layout1\">Challenge<\/h2>\n                \n                    \n            <img loading=\"lazy\" decoding=\"async\" width=\"270\" height=\"250\" src=\"https:\/\/letsgetfit-game.com\/wp-content\/uploads\/2022\/05\/game-mode-programm.png\" class=\"attachment-lgf-column-img1 size-lgf-column-img1\" alt=\"\" \/>            \n                \n        <div class=\"layout3\">\n            <img loading=\"lazy\" decoding=\"async\" width=\"270\" height=\"250\" src=\"https:\/\/letsgetfit-game.com\/wp-content\/uploads\/2022\/05\/game-mode-programm.png\" class=\"attachment-lgf-column-img1 size-lgf-column-img1\" alt=\"\" \/>   \n        <\/div>\n        \n        <div class=\"inner\">\n                \n                        <h2 class=\"layout2\">Challenge<\/h2>\n                        \n            <p>Challenge yourself daily wtih demanding workouts<\/p>\n        \n        <\/div>\n            \n    <\/section>\n\n\n\n\n\n    <section class=\"lgf_column\">\n        \n                <h2 class=\"layout1\">Programm<\/h2>\n                \n                    \n            <img loading=\"lazy\" decoding=\"async\" width=\"270\" height=\"256\" src=\"https:\/\/letsgetfit-game.com\/wp-content\/uploads\/2022\/05\/game-mode-challange.png\" class=\"attachment-lgf-column-img1 size-lgf-column-img1\" alt=\"\" \/>            \n                \n        <div class=\"layout3\">\n            <img loading=\"lazy\" decoding=\"async\" width=\"270\" height=\"256\" src=\"https:\/\/letsgetfit-game.com\/wp-content\/uploads\/2022\/05\/game-mode-challange.png\" class=\"attachment-lgf-column-img1 size-lgf-column-img1\" alt=\"\" \/>   \n        <\/div>\n        \n        <div class=\"inner\">\n                \n                        <h2 class=\"layout2\">Programm<\/h2>\n                        \n            <p>Follow pre-made workouts or create an infinite number of custom workout routines with 100 moves available.<\/p>\n        \n        <\/div>\n            \n    <\/section>\n\n\n\n        \n            <\/div>\n            \n        <\/div>\n    <\/section>\n        \n \n\n\n<section \n        class=\"parallax\"\n        style=\"background-image:url('https:\/\/letsgetfit-game.com\/wp-content\/uploads\/2022\/05\/bg_prallax.png'); min-height:200px;\"\n        >\n\t\n\t    \t\n<\/section> \n\n\n    \n\n    <section  data-scrolltitle=\"Straps Tutorial\" >\n        <div class=\"lgf_columns_wrap\">    \n            \n            <h2>Straps Tutorial<\/h2>            \n            <div class=\"lgf_columns lgf_columns_3\" id=\"lgf_columns_block_626b9859c3e07\" >\n        \n                \n\n\n    <section class=\"lgf_column\">\n        \n                <h2 class=\"layout1\">Workout<\/h2>\n                \n                    \n            <img loading=\"lazy\" decoding=\"async\" width=\"229\" height=\"270\" src=\"https:\/\/letsgetfit-game.com\/wp-content\/uploads\/2022\/05\/strap-tutorial-1.png\" class=\"attachment-lgf-column-img1 size-lgf-column-img1\" alt=\"\" \/>            \n                \n        <div class=\"layout3\">\n            <img loading=\"lazy\" decoding=\"async\" width=\"229\" height=\"270\" src=\"https:\/\/letsgetfit-game.com\/wp-content\/uploads\/2022\/05\/strap-tutorial-1.png\" class=\"attachment-lgf-column-img1 size-lgf-column-img1\" alt=\"\" \/>   \n        <\/div>\n        \n        <div class=\"inner\">\n                \n                        <h2 class=\"layout2\">Workout<\/h2>\n                        \n            <p style=\"text-align: left;\">Wickeln Sie das kurze Band um Ihr rechtes Handgelenk, wobei die bedruckte Seite zu Ihnen zeigt.<\/p>\n        \n        <\/div>\n            \n    <\/section>\n\n\n\n\n\n    <section class=\"lgf_column\">\n        \n                <h2 class=\"layout1\">Workout<\/h2>\n                \n                    \n            <img loading=\"lazy\" decoding=\"async\" width=\"229\" height=\"270\" src=\"https:\/\/letsgetfit-game.com\/wp-content\/uploads\/2022\/05\/strap-tutorial-2.png\" class=\"attachment-lgf-column-img1 size-lgf-column-img1\" alt=\"\" \/>            \n                \n        <div class=\"layout3\">\n            <img loading=\"lazy\" decoding=\"async\" width=\"229\" height=\"270\" src=\"https:\/\/letsgetfit-game.com\/wp-content\/uploads\/2022\/05\/strap-tutorial-2.png\" class=\"attachment-lgf-column-img1 size-lgf-column-img1\" alt=\"\" \/>   \n        <\/div>\n        \n        <div class=\"inner\">\n                \n                        <h2 class=\"layout2\">Workout<\/h2>\n                        \n            <p style=\"text-align: left;\">Stecken Sie den Joy-Con (R) in die Armschlaufe.<\/p>\n        \n        <\/div>\n            \n    <\/section>\n\n\n\n\n\n    <section class=\"lgf_column\">\n        \n                <h2 class=\"layout1\">Workout<\/h2>\n                \n                    \n            <img loading=\"lazy\" decoding=\"async\" width=\"213\" height=\"270\" src=\"https:\/\/letsgetfit-game.com\/wp-content\/uploads\/2022\/05\/strap-tutorial-3-1.png\" class=\"attachment-lgf-column-img1 size-lgf-column-img1\" alt=\"\" \/>            \n                \n        <div class=\"layout3\">\n            <img loading=\"lazy\" decoding=\"async\" width=\"213\" height=\"270\" src=\"https:\/\/letsgetfit-game.com\/wp-content\/uploads\/2022\/05\/strap-tutorial-3-1.png\" class=\"attachment-lgf-column-img1 size-lgf-column-img1\" alt=\"\" \/>   \n        <\/div>\n        \n        <div class=\"inner\">\n                \n                        <h2 class=\"layout2\">Workout<\/h2>\n                        \n            <p style=\"text-align: left;\">Legen Sie den langen Riemen um Ihren linken Oberschenkel und ziehen Sie ihn fest. Die Joy-Con-Halterung sollte an der Au\u00dfenseite deines Beins sitzen.<\/p>\n        \n        <\/div>\n            \n    <\/section>\n\n\n\n\n\n    <section class=\"lgf_column\">\n        \n                <h2 class=\"layout1\">Workout<\/h2>\n                \n                    \n            <img loading=\"lazy\" decoding=\"async\" width=\"213\" height=\"270\" src=\"https:\/\/letsgetfit-game.com\/wp-content\/uploads\/2022\/05\/strap-tutorial-4.png\" class=\"attachment-lgf-column-img1 size-lgf-column-img1\" alt=\"\" \/>            \n                \n        <div class=\"layout3\">\n            <img loading=\"lazy\" decoding=\"async\" width=\"213\" height=\"270\" src=\"https:\/\/letsgetfit-game.com\/wp-content\/uploads\/2022\/05\/strap-tutorial-4.png\" class=\"attachment-lgf-column-img1 size-lgf-column-img1\" alt=\"\" \/>   \n        <\/div>\n        \n        <div class=\"inner\">\n                \n                        <h2 class=\"layout2\">Workout<\/h2>\n                        \n            <p style=\"text-align: left;\">Stecken Sie den Joy-Con (L) in den Beingurt.<\/p>\n        \n        <\/div>\n            \n    <\/section>\n\n\n\n        \n            <\/div>\n            \n        <\/div>\n    <\/section>\n        \n \n\n\n<section \n        class=\"parallax\"\n        style=\"background-image:url('https:\/\/letsgetfit-game.com\/wp-content\/uploads\/2022\/05\/bg_prallax.png'); min-height:200px;\"\n        >\n\t\n\t    \t\n<\/section> \n\n\n\n<section  data-scrolltitle=\"Medien\" >\n\t\n    <div class=\"gallery\">\n        \n        <h2>Medien<\/h2>        \n        <div class=\"lb\">\n                            <img loading=\"lazy\" decoding=\"async\" width=\"1200\" height=\"800\" src=\"https:\/\/letsgetfit-game.com\/wp-content\/uploads\/2022\/04\/Girl_TV_LGF.jpg\" class=\"attachment-lgf-gallery-big size-lgf-gallery-big\" alt=\"\" \/>                            <img loading=\"lazy\" decoding=\"async\" width=\"1200\" height=\"675\" src=\"https:\/\/letsgetfit-game.com\/wp-content\/uploads\/2022\/05\/Mike4_GER-1.jpg\" class=\"attachment-lgf-gallery-big size-lgf-gallery-big\" alt=\"\" \/>                            <img loading=\"lazy\" decoding=\"async\" width=\"1200\" height=\"675\" src=\"https:\/\/letsgetfit-game.com\/wp-content\/uploads\/2022\/05\/MoveList_GER-1.jpg\" class=\"attachment-lgf-gallery-big size-lgf-gallery-big\" alt=\"\" \/>                            <img loading=\"lazy\" decoding=\"async\" width=\"1200\" height=\"675\" src=\"https:\/\/letsgetfit-game.com\/wp-content\/uploads\/2022\/05\/Jeff9_GER-1.jpg\" class=\"attachment-lgf-gallery-big size-lgf-gallery-big\" alt=\"\" \/>                            <img loading=\"lazy\" decoding=\"async\" width=\"1200\" height=\"675\" src=\"https:\/\/letsgetfit-game.com\/wp-content\/uploads\/2022\/05\/Julia4_GER-1.jpg\" class=\"attachment-lgf-gallery-big size-lgf-gallery-big\" alt=\"\" \/>                            <img loading=\"lazy\" decoding=\"async\" width=\"1200\" height=\"675\" src=\"https:\/\/letsgetfit-game.com\/wp-content\/uploads\/2022\/05\/Lucy5_GER-1.jpg\" class=\"attachment-lgf-gallery-big size-lgf-gallery-big\" alt=\"\" \/>                    <\/div>\n        \n        <div class=\"grid\">\t\t\n            \t\t\t\n                <img loading=\"lazy\" decoding=\"async\" width=\"640\" height=\"427\" src=\"https:\/\/letsgetfit-game.com\/wp-content\/uploads\/2022\/04\/Girl_TV_LGF.jpg\" class=\"attachment-lgf-gallery-small size-lgf-gallery-small\" alt=\"\" \/>                \n            \t\t\t\n                <img loading=\"lazy\" decoding=\"async\" width=\"640\" height=\"360\" src=\"https:\/\/letsgetfit-game.com\/wp-content\/uploads\/2022\/05\/Mike4_GER-1.jpg\" class=\"attachment-lgf-gallery-small size-lgf-gallery-small\" alt=\"\" \/>                \n            \t\t\t\n                <img loading=\"lazy\" decoding=\"async\" width=\"640\" height=\"360\" src=\"https:\/\/letsgetfit-game.com\/wp-content\/uploads\/2022\/05\/MoveList_GER-1.jpg\" class=\"attachment-lgf-gallery-small size-lgf-gallery-small\" alt=\"\" \/>                \n            \t\t\t\n                <img loading=\"lazy\" decoding=\"async\" width=\"640\" height=\"360\" src=\"https:\/\/letsgetfit-game.com\/wp-content\/uploads\/2022\/05\/Jeff9_GER-1.jpg\" class=\"attachment-lgf-gallery-small size-lgf-gallery-small\" alt=\"\" \/>                \n            \t\t\t\n                <img loading=\"lazy\" decoding=\"async\" width=\"640\" height=\"360\" src=\"https:\/\/letsgetfit-game.com\/wp-content\/uploads\/2022\/05\/Julia4_GER-1.jpg\" class=\"attachment-lgf-gallery-small size-lgf-gallery-small\" alt=\"\" \/>                \n            \t\t\t\n                <img loading=\"lazy\" decoding=\"async\" width=\"640\" height=\"360\" src=\"https:\/\/letsgetfit-game.com\/wp-content\/uploads\/2022\/05\/Lucy5_GER-1.jpg\" class=\"attachment-lgf-gallery-small size-lgf-gallery-small\" alt=\"\" \/>                \n            \t\t\n        <\/div>\n\t \n    <\/div>\n    \n<\/section>\n\n\n\n<section \n        class=\"parallax\"\n        style=\"background-image:url('https:\/\/letsgetfit-game.com\/wp-content\/uploads\/2022\/05\/bg_prallax.png'); min-height:200px;\"\n        >\n\t\n\t    \t\n<\/section> \n","protected":false},"excerpt":{"rendered":"","protected":false},"author":1,"featured_media":742,"parent":0,"menu_order":0,"comment_status":"closed","ping_status":"open","template":"","meta":{"footnotes":""},"class_list":["post-867","page","type-page","status-publish","has-post-thumbnail","hentry"],"acf":[],"_links":{"self":[{"href":"https:\/\/letsgetfit-game.com\/de\/wp-json\/wp\/v2\/pages\/867","targetHints":{"allow":["GET"]}}],"collection":[{"href":"https:\/\/letsgetfit-game.com\/de\/wp-json\/wp\/v2\/pages"}],"about":[{"href":"https:\/\/letsgetfit-game.com\/de\/wp-json\/wp\/v2\/types\/page"}],"author":[{"embeddable":true,"href":"https:\/\/letsgetfit-game.com\/de\/wp-json\/wp\/v2\/users\/1"}],"replies":[{"embeddable":true,"href":"https:\/\/letsgetfit-game.com\/de\/wp-json\/wp\/v2\/comments?post=867"}],"version-history":[{"count":46,"href":"https:\/\/letsgetfit-game.com\/de\/wp-json\/wp\/v2\/pages\/867\/revisions"}],"predecessor-version":[{"id":3068,"href":"https:\/\/letsgetfit-game.com\/de\/wp-json\/wp\/v2\/pages\/867\/revisions\/3068"}],"wp:featuredmedia":[{"embeddable":true,"href":"https:\/\/letsgetfit-game.com\/de\/wp-json\/wp\/v2\/media\/742"}],"wp:attachment":[{"href":"https:\/\/letsgetfit-game.com\/de\/wp-json\/wp\/v2\/media?parent=867"}],"curies":[{"name":"wp","href":"https:\/\/api.w.org\/{rel}","templated":true}]}}