{"id":1090,"date":"2022-04-18T11:51:20","date_gmt":"2022-04-18T11:51:20","guid":{"rendered":"http:\/\/letsgetfit.staging.deeparc.net\/sample-page\/"},"modified":"2022-11-18T07:51:07","modified_gmt":"2022-11-18T07:51:07","slug":"sample-page","status":"publish","type":"page","link":"https:\/\/letsgetfit-game.com\/fr\/","title":{"rendered":"Home"},"content":{"rendered":"\n<section >\n    \n\t<div \n            class=\"youtube\" \n            style=\"background-image:url('https:\/\/letsgetfit-game.com\/wp-content\/uploads\/2022\/04\/55a3a39a122836dcf984ddb8b5a92deb.jpg');\"\n            data-videoid=\"hwNQTqMR_K4\">\n        <a class=\"preview\" href=\"#\">\n            <img decoding=\"async\" src=\"https:\/\/letsgetfit-game.com\/wp-content\/uploads\/2022\/04\/075c4d7838318b7b0012e8801687dc67.png\" alt=\"\" \/>\n        <\/a>\n        \n        <div class=\"content\">\n            \n                        \n            <h2>Retrouvez la forme avec<\/h2>\n<h3>Let&#8217;s Get Fit!<\/h3>\n<p>Profitez de programmes d&#8217;entra\u00eenement pr\u00e9d\u00e9finis allant du fitness en douceur aux exercices intensifs et suivez votre progression gr\u00e2ce au calendrier int\u00e9gr\u00e9 au jeu.<\/p>\n<p>Relevez des d\u00e9fis ou cr\u00e9ez un nombre illimit\u00e9 de s\u00e9ances d&#8217;entra\u00eenement en fonction de vos besoins. Avec plus de 100\u00a0mouvements de fitness \u00e0 disposition, vous allez pouvoir travailler tout le corps.<\/p>\n            \n        <\/div>\n\n    <\/div>\n        \n<\/section>\n\n\n\n<section \n        class=\"parallax\"\n        style=\"background-image:url('https:\/\/letsgetfit-game.com\/wp-content\/uploads\/2022\/05\/bg_prallax.png'); min-height:200px;\"\n        >\n\t\n\t    \t\n<\/section> \n\n\n    \n\n    <section  data-scrolltitle=\"Fonctionnalit&eacute;s\" >\n        <div class=\"lgf_columns_wrap\">    \n            \n            <h2>Fonctionnalit&eacute;s<\/h2>            \n            <div class=\"lgf_columns lgf_columns_1\" id=\"lgf_columns_block_6269939f62ae2\" >\n        \n                \n\n\n    <section class=\"lgf_column\">\n        \n                <h2 class=\"layout1\">Entra\u00eenement<\/h2>\n                \n                    \n            <img loading=\"lazy\" decoding=\"async\" width=\"120\" height=\"120\" src=\"https:\/\/letsgetfit-game.com\/wp-content\/uploads\/2022\/05\/icon_workout.png\" class=\"attachment-lgf-column-img1 size-lgf-column-img1\" alt=\"\" \/>            \n                \n        <div class=\"layout3\">\n            <img loading=\"lazy\" decoding=\"async\" width=\"120\" height=\"120\" src=\"https:\/\/letsgetfit-game.com\/wp-content\/uploads\/2022\/05\/icon_workout.png\" class=\"attachment-lgf-column-img1 size-lgf-column-img1\" alt=\"\" \/>   \n        <\/div>\n        \n        <div class=\"inner\">\n                \n                        <h2 class=\"layout2\">Entra\u00eenement<\/h2>\n                        \n            <p style=\"text-align: left;\">Travaillez des groupes musculaires sp\u00e9cifiques ou optez pour un entra\u00eenement complet<\/p>\n        \n        <\/div>\n            \n    <\/section>\n\n\n\n\n\n    <section class=\"lgf_column\">\n        \n                <h2 class=\"layout1\">Profil individuel<\/h2>\n                \n                    \n            <img loading=\"lazy\" decoding=\"async\" width=\"120\" height=\"120\" src=\"https:\/\/letsgetfit-game.com\/wp-content\/uploads\/2022\/05\/icon-profile.png\" class=\"attachment-lgf-column-img1 size-lgf-column-img1\" alt=\"\" \/>            \n                \n        <div class=\"layout3\">\n            <img loading=\"lazy\" decoding=\"async\" width=\"120\" height=\"120\" src=\"https:\/\/letsgetfit-game.com\/wp-content\/uploads\/2022\/05\/icon-profile.png\" class=\"attachment-lgf-column-img1 size-lgf-column-img1\" alt=\"\" \/>   \n        <\/div>\n        \n        <div class=\"inner\">\n                \n                        <h2 class=\"layout2\">Profil individuel<\/h2>\n                        \n            <p style=\"text-align: left;\">Cr\u00e9ez un profil pour adapter vos s\u00e9ances d&#8217;entra\u00eenement \u00e0 vos besoins<\/p>\n        \n        <\/div>\n            \n    <\/section>\n\n\n\n\n\n    <section class=\"lgf_column\">\n        \n                <h2 class=\"layout1\">Achievements<\/h2>\n                \n                    \n            <img loading=\"lazy\" decoding=\"async\" width=\"120\" height=\"120\" src=\"https:\/\/letsgetfit-game.com\/wp-content\/uploads\/2022\/05\/icon_achievment.png\" class=\"attachment-lgf-column-img1 size-lgf-column-img1\" alt=\"\" \/>            \n                \n        <div class=\"layout3\">\n            <img loading=\"lazy\" decoding=\"async\" width=\"120\" height=\"120\" src=\"https:\/\/letsgetfit-game.com\/wp-content\/uploads\/2022\/05\/icon_achievment.png\" class=\"attachment-lgf-column-img1 size-lgf-column-img1\" alt=\"\" \/>   \n        <\/div>\n        \n        <div class=\"inner\">\n                \n                        <h2 class=\"layout2\">Achievements<\/h2>\n                        \n            <p>D\u00e9verrouillez les succ\u00e8s et troph\u00e9es pour entretenir votre motivation<\/p>\n        \n        <\/div>\n            \n    <\/section>\n\n\n\n\n\n    <section class=\"lgf_column\">\n        \n                <h2 class=\"layout1\">Vari\u00e9t\u00e9<\/h2>\n                \n                    \n            <img loading=\"lazy\" decoding=\"async\" width=\"120\" height=\"120\" src=\"https:\/\/letsgetfit-game.com\/wp-content\/uploads\/2022\/05\/icon-leaderboard.png\" class=\"attachment-lgf-column-img1 size-lgf-column-img1\" alt=\"\" \/>            \n                \n        <div class=\"layout3\">\n            <img loading=\"lazy\" decoding=\"async\" width=\"120\" height=\"120\" src=\"https:\/\/letsgetfit-game.com\/wp-content\/uploads\/2022\/05\/icon-leaderboard.png\" class=\"attachment-lgf-column-img1 size-lgf-column-img1\" alt=\"\" \/>   \n        <\/div>\n        \n        <div class=\"inner\">\n                \n                        <h2 class=\"layout2\">Vari\u00e9t\u00e9<\/h2>\n                        \n            <p style=\"text-align: left;\">Le jeu propose plus de 100\u00a0mouvements allant du fitness en douceur aux exercices intensifs<\/p>\n        \n        <\/div>\n            \n    <\/section>\n\n\n\n\n\n    <section class=\"lgf_column\">\n        \n                <h2 class=\"layout1\">In-game Calendrier<\/h2>\n                \n                    \n            <img loading=\"lazy\" decoding=\"async\" width=\"120\" height=\"120\" src=\"https:\/\/letsgetfit-game.com\/wp-content\/uploads\/2022\/05\/icon_calendar.png\" class=\"attachment-lgf-column-img1 size-lgf-column-img1\" alt=\"\" \/>            \n                \n        <div class=\"layout3\">\n            <img loading=\"lazy\" decoding=\"async\" width=\"120\" height=\"120\" src=\"https:\/\/letsgetfit-game.com\/wp-content\/uploads\/2022\/05\/icon_calendar.png\" class=\"attachment-lgf-column-img1 size-lgf-column-img1\" alt=\"\" \/>   \n        <\/div>\n        \n        <div class=\"inner\">\n                \n                        <h2 class=\"layout2\">In-game Calendrier<\/h2>\n                        \n            <p>Le calendrier int\u00e9gr\u00e9 au jeu vous permet de suivre vos activit\u00e9s<\/p>\n        \n        <\/div>\n            \n    <\/section>\n\n\n\n\n\n    <section class=\"lgf_column\">\n        \n                <h2 class=\"layout1\">Sports Strap Set<\/h2>\n                \n                    \n            <img loading=\"lazy\" decoding=\"async\" width=\"120\" height=\"120\" src=\"https:\/\/letsgetfit-game.com\/wp-content\/uploads\/2022\/05\/icon-strapset.png\" class=\"attachment-lgf-column-img1 size-lgf-column-img1\" alt=\"\" \/>            \n                \n        <div class=\"layout3\">\n            <img loading=\"lazy\" decoding=\"async\" width=\"120\" height=\"120\" src=\"https:\/\/letsgetfit-game.com\/wp-content\/uploads\/2022\/05\/icon-strapset.png\" class=\"attachment-lgf-column-img1 size-lgf-column-img1\" alt=\"\" \/>   \n        <\/div>\n        \n        <div class=\"inner\">\n                \n                        <h2 class=\"layout2\">Sports Strap Set<\/h2>\n                        \n            <p style=\"text-align: left;\">Combinez les Joy-Con\u2122 et les sangles pour suivre vos mouvements<\/p>\n        \n        <\/div>\n            \n    <\/section>\n\n\n\n        \n            <\/div>\n            \n        <\/div>\n    <\/section>\n        \n \n\n\n<section \n        class=\"parallax\"\n        style=\"background-image:url('https:\/\/letsgetfit-game.com\/wp-content\/uploads\/2022\/05\/bg_prallax.png'); min-height:200px;\"\n        >\n\t\n\t    \t\n<\/section> \n\n\n    \n\n    <section  data-scrolltitle=\"Modes de jeu\" >\n        <div class=\"lgf_columns_wrap\">    \n            \n            <h2>Modes de jeu<\/h2>            \n            <div class=\"lgf_columns lgf_columns_2\" id=\"lgf_columns_block_626b908fc3e01\" >\n        \n                \n\n\n    <section class=\"lgf_column\">\n        \n                <h2 class=\"layout1\">Libre<\/h2>\n                \n                    \n            <img loading=\"lazy\" decoding=\"async\" width=\"253\" height=\"270\" src=\"https:\/\/letsgetfit-game.com\/wp-content\/uploads\/2022\/05\/game-mode-free.png\" class=\"attachment-lgf-column-img1 size-lgf-column-img1\" alt=\"\" \/>            \n                \n        <div class=\"layout3\">\n            <img loading=\"lazy\" decoding=\"async\" width=\"253\" height=\"270\" src=\"https:\/\/letsgetfit-game.com\/wp-content\/uploads\/2022\/05\/game-mode-free.png\" class=\"attachment-lgf-column-img1 size-lgf-column-img1\" alt=\"\" \/>   \n        <\/div>\n        \n        <div class=\"inner\">\n                \n                        <h2 class=\"layout2\">Libre<\/h2>\n                        \n            <p>Cr\u00e9ez facilement vos propres routines en 7 \u00e9tapes ou choisissez parmi une liste pr\u00e9d\u00e9finie d\u2019exercices.<\/p>\n        \n        <\/div>\n            \n    <\/section>\n\n\n\n\n\n    <section class=\"lgf_column\">\n        \n                <h2 class=\"layout1\">D\u00e9fi<\/h2>\n                \n                    \n            <img loading=\"lazy\" decoding=\"async\" width=\"270\" height=\"250\" src=\"https:\/\/letsgetfit-game.com\/wp-content\/uploads\/2022\/05\/game-mode-programm.png\" class=\"attachment-lgf-column-img1 size-lgf-column-img1\" alt=\"\" \/>            \n                \n        <div class=\"layout3\">\n            <img loading=\"lazy\" decoding=\"async\" width=\"270\" height=\"250\" src=\"https:\/\/letsgetfit-game.com\/wp-content\/uploads\/2022\/05\/game-mode-programm.png\" class=\"attachment-lgf-column-img1 size-lgf-column-img1\" alt=\"\" \/>   \n        <\/div>\n        \n        <div class=\"inner\">\n                \n                        <h2 class=\"layout2\">D\u00e9fi<\/h2>\n                        \n            <p>Mettez-vous \u00e0 l\u2019\u00e9preuve quotidiennement avec des exercices plus intensifs.<\/p>\n        \n        <\/div>\n            \n    <\/section>\n\n\n\n\n\n    <section class=\"lgf_column\">\n        \n                <h2 class=\"layout1\">Programme<\/h2>\n                \n                    \n            <img loading=\"lazy\" decoding=\"async\" width=\"270\" height=\"256\" src=\"https:\/\/letsgetfit-game.com\/wp-content\/uploads\/2022\/05\/game-mode-challange.png\" class=\"attachment-lgf-column-img1 size-lgf-column-img1\" alt=\"\" \/>            \n                \n        <div class=\"layout3\">\n            <img loading=\"lazy\" decoding=\"async\" width=\"270\" height=\"256\" src=\"https:\/\/letsgetfit-game.com\/wp-content\/uploads\/2022\/05\/game-mode-challange.png\" class=\"attachment-lgf-column-img1 size-lgf-column-img1\" alt=\"\" \/>   \n        <\/div>\n        \n        <div class=\"inner\">\n                \n                        <h2 class=\"layout2\">Programme<\/h2>\n                        \n            <p>Choisissez un programme et compl\u00e9tez la s\u00e9ance une fois par jour pour continuer votre progression.<\/p>\n        \n        <\/div>\n            \n    <\/section>\n\n\n\n        \n            <\/div>\n            \n        <\/div>\n    <\/section>\n        \n \n\n\n<section \n        class=\"parallax\"\n        style=\"background-image:url('https:\/\/letsgetfit-game.com\/wp-content\/uploads\/2022\/05\/bg_prallax.png'); min-height:200px;\"\n        >\n\t\n\t    \t\n<\/section> \n\n\n    \n\n    <section  data-scrolltitle=\"Straps Tutoriel\" >\n        <div class=\"lgf_columns_wrap\">    \n            \n            <h2>Straps Tutoriel<\/h2>            \n            <div class=\"lgf_columns lgf_columns_3\" id=\"lgf_columns_block_626b9859c3e07\" >\n        \n                \n\n\n    <section class=\"lgf_column\">\n        \n                <h2 class=\"layout1\">Workout<\/h2>\n                \n                    \n            <img loading=\"lazy\" decoding=\"async\" width=\"229\" height=\"270\" src=\"https:\/\/letsgetfit-game.com\/wp-content\/uploads\/2022\/05\/strap-tutorial-1.png\" class=\"attachment-lgf-column-img1 size-lgf-column-img1\" alt=\"\" \/>            \n                \n        <div class=\"layout3\">\n            <img loading=\"lazy\" decoding=\"async\" width=\"229\" height=\"270\" src=\"https:\/\/letsgetfit-game.com\/wp-content\/uploads\/2022\/05\/strap-tutorial-1.png\" class=\"attachment-lgf-column-img1 size-lgf-column-img1\" alt=\"\" \/>   \n        <\/div>\n        \n        <div class=\"inner\">\n                \n                        <h2 class=\"layout2\">Workout<\/h2>\n                        \n            <p style=\"text-align: left;\">Enroulez le bracelet court autour de votre poignet droit, le c\u00f4t\u00e9 imprim\u00e9 face \u00e0 vous.<\/p>\n        \n        <\/div>\n            \n    <\/section>\n\n\n\n\n\n    <section class=\"lgf_column\">\n        \n                <h2 class=\"layout1\">Workout<\/h2>\n                \n                    \n            <img loading=\"lazy\" decoding=\"async\" width=\"229\" height=\"270\" src=\"https:\/\/letsgetfit-game.com\/wp-content\/uploads\/2022\/05\/strap-tutorial-2.png\" class=\"attachment-lgf-column-img1 size-lgf-column-img1\" alt=\"\" \/>            \n                \n        <div class=\"layout3\">\n            <img loading=\"lazy\" decoding=\"async\" width=\"229\" height=\"270\" src=\"https:\/\/letsgetfit-game.com\/wp-content\/uploads\/2022\/05\/strap-tutorial-2.png\" class=\"attachment-lgf-column-img1 size-lgf-column-img1\" alt=\"\" \/>   \n        <\/div>\n        \n        <div class=\"inner\">\n                \n                        <h2 class=\"layout2\">Workout<\/h2>\n                        \n            <p style=\"text-align: left;\">Ins\u00e9rez le Joy-Con (R) dans la sangle du bras.<\/p>\n        \n        <\/div>\n            \n    <\/section>\n\n\n\n\n\n    <section class=\"lgf_column\">\n        \n                <h2 class=\"layout1\">Workout<\/h2>\n                \n                    \n            <img loading=\"lazy\" decoding=\"async\" width=\"213\" height=\"270\" src=\"https:\/\/letsgetfit-game.com\/wp-content\/uploads\/2022\/05\/strap-tutorial-3-1.png\" class=\"attachment-lgf-column-img1 size-lgf-column-img1\" alt=\"\" \/>            \n                \n        <div class=\"layout3\">\n            <img loading=\"lazy\" decoding=\"async\" width=\"213\" height=\"270\" src=\"https:\/\/letsgetfit-game.com\/wp-content\/uploads\/2022\/05\/strap-tutorial-3-1.png\" class=\"attachment-lgf-column-img1 size-lgf-column-img1\" alt=\"\" \/>   \n        <\/div>\n        \n        <div class=\"inner\">\n                \n                        <h2 class=\"layout2\">Workout<\/h2>\n                        \n            <p style=\"text-align: left;\">Enroulez la longue sangle autour de votre cuisse gauche et serrez-la. Le support pour Joy-Con doit \u00eatre plac\u00e9 sur l&#8217;ext\u00e9rieur de votre jambe.<\/p>\n        \n        <\/div>\n            \n    <\/section>\n\n\n\n\n\n    <section class=\"lgf_column\">\n        \n                <h2 class=\"layout1\">Workout<\/h2>\n                \n                    \n            <img loading=\"lazy\" decoding=\"async\" width=\"213\" height=\"270\" src=\"https:\/\/letsgetfit-game.com\/wp-content\/uploads\/2022\/05\/strap-tutorial-4.png\" class=\"attachment-lgf-column-img1 size-lgf-column-img1\" alt=\"\" \/>            \n                \n        <div class=\"layout3\">\n            <img loading=\"lazy\" decoding=\"async\" width=\"213\" height=\"270\" src=\"https:\/\/letsgetfit-game.com\/wp-content\/uploads\/2022\/05\/strap-tutorial-4.png\" class=\"attachment-lgf-column-img1 size-lgf-column-img1\" alt=\"\" \/>   \n        <\/div>\n        \n        <div class=\"inner\">\n                \n                        <h2 class=\"layout2\">Workout<\/h2>\n                        \n            <p style=\"text-align: left;\">Ins\u00e9rez le Joy-Con (L) dans la sangle de jambe.<\/p>\n        \n        <\/div>\n            \n    <\/section>\n\n\n\n        \n            <\/div>\n            \n        <\/div>\n    <\/section>\n        \n \n\n\n<section \n        class=\"parallax\"\n        style=\"background-image:url('https:\/\/letsgetfit-game.com\/wp-content\/uploads\/2022\/05\/bg_prallax.png'); min-height:200px;\"\n        >\n\t\n\t    \t\n<\/section> \n\n\n\n<section  data-scrolltitle=\"M&eacute;dia\" >\n\t\n    <div class=\"gallery\">\n        \n        <h2>M&eacute;dia<\/h2>        \n        <div class=\"lb\">\n                            <img loading=\"lazy\" decoding=\"async\" width=\"1200\" height=\"800\" src=\"https:\/\/letsgetfit-game.com\/wp-content\/uploads\/2022\/04\/Girl_TV_LGF.jpg\" class=\"attachment-lgf-gallery-big size-lgf-gallery-big\" alt=\"\" \/>                            <img loading=\"lazy\" decoding=\"async\" width=\"1200\" height=\"675\" src=\"https:\/\/letsgetfit-game.com\/wp-content\/uploads\/2022\/05\/Lucy5_FR.jpg\" class=\"attachment-lgf-gallery-big size-lgf-gallery-big\" alt=\"\" \/>                            <img loading=\"lazy\" decoding=\"async\" width=\"1200\" height=\"675\" src=\"https:\/\/letsgetfit-game.com\/wp-content\/uploads\/2022\/05\/Mike4_FR.jpg\" class=\"attachment-lgf-gallery-big size-lgf-gallery-big\" alt=\"\" \/>                            <img loading=\"lazy\" decoding=\"async\" width=\"1200\" height=\"675\" src=\"https:\/\/letsgetfit-game.com\/wp-content\/uploads\/2022\/05\/MoveList_FR.jpg\" class=\"attachment-lgf-gallery-big size-lgf-gallery-big\" alt=\"\" \/>                            <img loading=\"lazy\" decoding=\"async\" width=\"1200\" height=\"675\" src=\"https:\/\/letsgetfit-game.com\/wp-content\/uploads\/2022\/05\/Jeff9_FR.jpg\" class=\"attachment-lgf-gallery-big size-lgf-gallery-big\" alt=\"\" \/>                            <img loading=\"lazy\" decoding=\"async\" width=\"1200\" height=\"675\" src=\"https:\/\/letsgetfit-game.com\/wp-content\/uploads\/2022\/05\/Julia4_FR.jpg\" class=\"attachment-lgf-gallery-big size-lgf-gallery-big\" alt=\"\" \/>                    <\/div>\n        \n        <div class=\"grid\">\t\t\n            \t\t\t\n                <img loading=\"lazy\" decoding=\"async\" width=\"640\" height=\"427\" src=\"https:\/\/letsgetfit-game.com\/wp-content\/uploads\/2022\/04\/Girl_TV_LGF.jpg\" class=\"attachment-lgf-gallery-small size-lgf-gallery-small\" alt=\"\" \/>                \n            \t\t\t\n                <img loading=\"lazy\" decoding=\"async\" width=\"640\" height=\"360\" src=\"https:\/\/letsgetfit-game.com\/wp-content\/uploads\/2022\/05\/Lucy5_FR.jpg\" class=\"attachment-lgf-gallery-small size-lgf-gallery-small\" alt=\"\" \/>                \n            \t\t\t\n                <img loading=\"lazy\" decoding=\"async\" width=\"640\" height=\"360\" src=\"https:\/\/letsgetfit-game.com\/wp-content\/uploads\/2022\/05\/Mike4_FR.jpg\" class=\"attachment-lgf-gallery-small size-lgf-gallery-small\" alt=\"\" \/>                \n            \t\t\t\n                <img loading=\"lazy\" decoding=\"async\" width=\"640\" height=\"360\" src=\"https:\/\/letsgetfit-game.com\/wp-content\/uploads\/2022\/05\/MoveList_FR.jpg\" class=\"attachment-lgf-gallery-small size-lgf-gallery-small\" alt=\"\" \/>                \n            \t\t\t\n                <img loading=\"lazy\" decoding=\"async\" width=\"640\" height=\"360\" src=\"https:\/\/letsgetfit-game.com\/wp-content\/uploads\/2022\/05\/Jeff9_FR.jpg\" class=\"attachment-lgf-gallery-small size-lgf-gallery-small\" alt=\"\" \/>                \n            \t\t\t\n                <img loading=\"lazy\" decoding=\"async\" width=\"640\" height=\"360\" src=\"https:\/\/letsgetfit-game.com\/wp-content\/uploads\/2022\/05\/Julia4_FR.jpg\" class=\"attachment-lgf-gallery-small size-lgf-gallery-small\" alt=\"\" \/>                \n            \t\t\n        <\/div>\n\t \n    <\/div>\n    \n<\/section>\n\n\n\n<section \n        class=\"parallax\"\n        style=\"background-image:url('https:\/\/letsgetfit-game.com\/wp-content\/uploads\/2022\/05\/bg_prallax.png'); min-height:200px;\"\n        >\n\t\n\t    \t\n<\/section> \n","protected":false},"excerpt":{"rendered":"","protected":false},"author":1,"featured_media":981,"parent":0,"menu_order":0,"comment_status":"closed","ping_status":"open","template":"","meta":{"footnotes":""},"class_list":["post-1090","page","type-page","status-publish","has-post-thumbnail","hentry"],"acf":[],"_links":{"self":[{"href":"https:\/\/letsgetfit-game.com\/fr\/wp-json\/wp\/v2\/pages\/1090","targetHints":{"allow":["GET"]}}],"collection":[{"href":"https:\/\/letsgetfit-game.com\/fr\/wp-json\/wp\/v2\/pages"}],"about":[{"href":"https:\/\/letsgetfit-game.com\/fr\/wp-json\/wp\/v2\/types\/page"}],"author":[{"embeddable":true,"href":"https:\/\/letsgetfit-game.com\/fr\/wp-json\/wp\/v2\/users\/1"}],"replies":[{"embeddable":true,"href":"https:\/\/letsgetfit-game.com\/fr\/wp-json\/wp\/v2\/comments?post=1090"}],"version-history":[{"count":40,"href":"https:\/\/letsgetfit-game.com\/fr\/wp-json\/wp\/v2\/pages\/1090\/revisions"}],"predecessor-version":[{"id":3067,"href":"https:\/\/letsgetfit-game.com\/fr\/wp-json\/wp\/v2\/pages\/1090\/revisions\/3067"}],"wp:featuredmedia":[{"embeddable":true,"href":"https:\/\/letsgetfit-game.com\/fr\/wp-json\/wp\/v2\/media\/981"}],"wp:attachment":[{"href":"https:\/\/letsgetfit-game.com\/fr\/wp-json\/wp\/v2\/media?parent=1090"}],"curies":[{"name":"wp","href":"https:\/\/api.w.org\/{rel}","templated":true}]}}