{"id":1092,"date":"2022-04-18T11:51:20","date_gmt":"2022-04-18T11:51:20","guid":{"rendered":"http:\/\/letsgetfit.staging.deeparc.net\/sample-page\/"},"modified":"2022-11-18T07:51:17","modified_gmt":"2022-11-18T07:51:17","slug":"sample-page","status":"publish","type":"page","link":"https:\/\/letsgetfit-game.com\/pl\/","title":{"rendered":"Home"},"content":{"rendered":"\n<section >\n    \n\t<div \n            class=\"youtube\" \n            style=\"background-image:url('https:\/\/letsgetfit-game.com\/wp-content\/uploads\/2022\/04\/55a3a39a122836dcf984ddb8b5a92deb.jpg');\"\n            data-videoid=\"02SSOaOCwSY\">\n        <a class=\"preview\" href=\"#\">\n            <img decoding=\"async\" src=\"https:\/\/letsgetfit-game.com\/wp-content\/uploads\/2022\/04\/075c4d7838318b7b0012e8801687dc67.png\" alt=\"\" \/>\n        <\/a>\n        \n        <div class=\"content\">\n            \n                        \n            <h2>Popraw form\u0119 z<\/h2>\n<h3>Let&#8217;s Get Fit!<\/h3>\n<p>Korzystaj z przygotowanych wcze\u015bniej program\u00f3w treningowych \u2014 od delikatnej gimnastyki do \u0107wicze\u0144 o wysokiej intensywno\u015bci. \u015aled\u017a post\u0119py w kalendarzu dost\u0119pnym w grze. <\/p>\n<p>Uko\u0144cz wyzwania lub ustaw niesko\u0144czon\u0105 liczb\u0119 trening\u00f3w niestandardowych, kt\u00f3re dopasujesz do w\u0142asnych potrzeb. Czeka na ciebie 100\u00a0dost\u0119pnych ruch\u00f3w fitness, kt\u00f3re pomog\u0105 ci wykona\u0107 trening ca\u0142ego cia\u0142a.<\/p>\n            \n        <\/div>\n\n    <\/div>\n        \n<\/section>\n\n\n\n<section \n        class=\"parallax\"\n        style=\"background-image:url('https:\/\/letsgetfit-game.com\/wp-content\/uploads\/2022\/05\/bg_prallax.png'); min-height:200px;\"\n        >\n\t\n\t    \t\n<\/section> \n\n\n    \n\n    <section  data-scrolltitle=\"Cechy\" >\n        <div class=\"lgf_columns_wrap\">    \n            \n            <h2>Cechy<\/h2>            \n            <div class=\"lgf_columns lgf_columns_1\" id=\"lgf_columns_block_6269939f62ae2\" >\n        \n                \n\n\n    <section class=\"lgf_column\">\n        \n                <h2 class=\"layout1\">Trening<\/h2>\n                \n                    \n            <img loading=\"lazy\" decoding=\"async\" width=\"120\" height=\"120\" src=\"https:\/\/letsgetfit-game.com\/wp-content\/uploads\/2022\/05\/icon_workout.png\" class=\"attachment-lgf-column-img1 size-lgf-column-img1\" alt=\"\" \/>            \n                \n        <div class=\"layout3\">\n            <img loading=\"lazy\" decoding=\"async\" width=\"120\" height=\"120\" src=\"https:\/\/letsgetfit-game.com\/wp-content\/uploads\/2022\/05\/icon_workout.png\" class=\"attachment-lgf-column-img1 size-lgf-column-img1\" alt=\"\" \/>   \n        <\/div>\n        \n        <div class=\"inner\">\n                \n                        <h2 class=\"layout2\">Trening<\/h2>\n                        \n            <p style=\"text-align: left;\">Trenuj wybrane grupy mi\u0119\u015bni lub wykonaj trening ca\u0142ego cia\u0142a.<\/p>\n        \n        <\/div>\n            \n    <\/section>\n\n\n\n\n\n    <section class=\"lgf_column\">\n        \n                <h2 class=\"layout1\">Profil indywidualny<\/h2>\n                \n                    \n            <img loading=\"lazy\" decoding=\"async\" width=\"120\" height=\"120\" src=\"https:\/\/letsgetfit-game.com\/wp-content\/uploads\/2022\/05\/icon-profile.png\" class=\"attachment-lgf-column-img1 size-lgf-column-img1\" alt=\"\" \/>            \n                \n        <div class=\"layout3\">\n            <img loading=\"lazy\" decoding=\"async\" width=\"120\" height=\"120\" src=\"https:\/\/letsgetfit-game.com\/wp-content\/uploads\/2022\/05\/icon-profile.png\" class=\"attachment-lgf-column-img1 size-lgf-column-img1\" alt=\"\" \/>   \n        <\/div>\n        \n        <div class=\"inner\">\n                \n                        <h2 class=\"layout2\">Profil indywidualny<\/h2>\n                        \n            <p style=\"text-align: left;\">Utw\u00f3rz profil, aby dopasowa\u0107 treningi do swoich potrzeb.<\/p>\n        \n        <\/div>\n            \n    <\/section>\n\n\n\n\n\n    <section class=\"lgf_column\">\n        \n                <h2 class=\"layout1\">Achievements<\/h2>\n                \n                    \n            <img loading=\"lazy\" decoding=\"async\" width=\"120\" height=\"120\" src=\"https:\/\/letsgetfit-game.com\/wp-content\/uploads\/2022\/05\/icon_achievment.png\" class=\"attachment-lgf-column-img1 size-lgf-column-img1\" alt=\"\" \/>            \n                \n        <div class=\"layout3\">\n            <img loading=\"lazy\" decoding=\"async\" width=\"120\" height=\"120\" src=\"https:\/\/letsgetfit-game.com\/wp-content\/uploads\/2022\/05\/icon_achievment.png\" class=\"attachment-lgf-column-img1 size-lgf-column-img1\" alt=\"\" \/>   \n        <\/div>\n        \n        <div class=\"inner\">\n                \n                        <h2 class=\"layout2\">Achievements<\/h2>\n                        \n            <p>Odblokuj osi\u0105gni\u0119cia i trofea, aby nie traci\u0107 motywacji.<\/p>\n        \n        <\/div>\n            \n    <\/section>\n\n\n\n\n\n    <section class=\"lgf_column\">\n        \n                <h2 class=\"layout1\">R\u00f3\u017cnorodno\u015b\u0107<\/h2>\n                \n                    \n            <img loading=\"lazy\" decoding=\"async\" width=\"120\" height=\"120\" src=\"https:\/\/letsgetfit-game.com\/wp-content\/uploads\/2022\/05\/icon-leaderboard.png\" class=\"attachment-lgf-column-img1 size-lgf-column-img1\" alt=\"\" \/>            \n                \n        <div class=\"layout3\">\n            <img loading=\"lazy\" decoding=\"async\" width=\"120\" height=\"120\" src=\"https:\/\/letsgetfit-game.com\/wp-content\/uploads\/2022\/05\/icon-leaderboard.png\" class=\"attachment-lgf-column-img1 size-lgf-column-img1\" alt=\"\" \/>   \n        <\/div>\n        \n        <div class=\"inner\">\n                \n                        <h2 class=\"layout2\">R\u00f3\u017cnorodno\u015b\u0107<\/h2>\n                        \n            <p style=\"text-align: left;\">Mo\u017cesz wybiera\u0107 spo\u015br\u00f3d 100\u00a0ruch\u00f3w fitness \u2014 od delikatnej gimnastyki do \u0107wicze\u0144 o wysokiej intensywno\u015bci<\/p>\n        \n        <\/div>\n            \n    <\/section>\n\n\n\n\n\n    <section class=\"lgf_column\">\n        \n                <h2 class=\"layout1\">Kalendarz w grze<\/h2>\n                \n                    \n            <img loading=\"lazy\" decoding=\"async\" width=\"120\" height=\"120\" src=\"https:\/\/letsgetfit-game.com\/wp-content\/uploads\/2022\/05\/icon_calendar.png\" class=\"attachment-lgf-column-img1 size-lgf-column-img1\" alt=\"\" \/>            \n                \n        <div class=\"layout3\">\n            <img loading=\"lazy\" decoding=\"async\" width=\"120\" height=\"120\" src=\"https:\/\/letsgetfit-game.com\/wp-content\/uploads\/2022\/05\/icon_calendar.png\" class=\"attachment-lgf-column-img1 size-lgf-column-img1\" alt=\"\" \/>   \n        <\/div>\n        \n        <div class=\"inner\">\n                \n                        <h2 class=\"layout2\">Kalendarz w grze<\/h2>\n                        \n            <p>Kalendarz w grze pozwoli ci \u015bledzi\u0107 post\u0119py.<\/p>\n        \n        <\/div>\n            \n    <\/section>\n\n\n\n\n\n    <section class=\"lgf_column\">\n        \n                <h2 class=\"layout1\">Sports Strap Set<\/h2>\n                \n                    \n            <img loading=\"lazy\" decoding=\"async\" width=\"120\" height=\"120\" src=\"https:\/\/letsgetfit-game.com\/wp-content\/uploads\/2022\/05\/icon-strapset.png\" class=\"attachment-lgf-column-img1 size-lgf-column-img1\" alt=\"\" \/>            \n                \n        <div class=\"layout3\">\n            <img loading=\"lazy\" decoding=\"async\" width=\"120\" height=\"120\" src=\"https:\/\/letsgetfit-game.com\/wp-content\/uploads\/2022\/05\/icon-strapset.png\" class=\"attachment-lgf-column-img1 size-lgf-column-img1\" alt=\"\" \/>   \n        <\/div>\n        \n        <div class=\"inner\">\n                \n                        <h2 class=\"layout2\">Sports Strap Set<\/h2>\n                        \n            <p style=\"text-align: left;\">Po\u0142\u0105cz kontrolery Joy-Con\u2122 z opaskami, aby monitorowa\u0107 swoje ruchy.<\/p>\n        \n        <\/div>\n            \n    <\/section>\n\n\n\n        \n            <\/div>\n            \n        <\/div>\n    <\/section>\n        \n \n\n\n<section \n        class=\"parallax\"\n        style=\"background-image:url('https:\/\/letsgetfit-game.com\/wp-content\/uploads\/2022\/05\/bg_prallax.png'); min-height:200px;\"\n        >\n\t\n\t    \t\n<\/section> \n\n\n    \n\n    <section  data-scrolltitle=\"Tryby gry\" >\n        <div class=\"lgf_columns_wrap\">    \n            \n            <h2>Tryby gry<\/h2>            \n            <div class=\"lgf_columns lgf_columns_2\" id=\"lgf_columns_block_626b908fc3e01\" >\n        \n                \n\n\n    <section class=\"lgf_column\">\n        \n                <h2 class=\"layout1\">Wolny<\/h2>\n                \n                    \n            <img loading=\"lazy\" decoding=\"async\" width=\"253\" height=\"270\" src=\"https:\/\/letsgetfit-game.com\/wp-content\/uploads\/2022\/05\/game-mode-free.png\" class=\"attachment-lgf-column-img1 size-lgf-column-img1\" alt=\"\" \/>            \n                \n        <div class=\"layout3\">\n            <img loading=\"lazy\" decoding=\"async\" width=\"253\" height=\"270\" src=\"https:\/\/letsgetfit-game.com\/wp-content\/uploads\/2022\/05\/game-mode-free.png\" class=\"attachment-lgf-column-img1 size-lgf-column-img1\" alt=\"\" \/>   \n        <\/div>\n        \n        <div class=\"inner\">\n                \n                        <h2 class=\"layout2\">Wolny<\/h2>\n                        \n            <p style=\"margin: 0cm; background: white;\"><span style=\"font-family: 'Segoe UI',sans-serif; color: #242424;\">Stw\u00f3rz w\u0142asne zestawy \u0107wicze\u0144 w 7 prostych krokach lub wybierz z listy wcze\u015bniej przygotowanych trening\u00f3w<\/span><\/p>\n        \n        <\/div>\n            \n    <\/section>\n\n\n\n\n\n    <section class=\"lgf_column\">\n        \n                <h2 class=\"layout1\">Wyzwanie<\/h2>\n                \n                    \n            <img loading=\"lazy\" decoding=\"async\" width=\"270\" height=\"250\" src=\"https:\/\/letsgetfit-game.com\/wp-content\/uploads\/2022\/05\/game-mode-programm.png\" class=\"attachment-lgf-column-img1 size-lgf-column-img1\" alt=\"\" \/>            \n                \n        <div class=\"layout3\">\n            <img loading=\"lazy\" decoding=\"async\" width=\"270\" height=\"250\" src=\"https:\/\/letsgetfit-game.com\/wp-content\/uploads\/2022\/05\/game-mode-programm.png\" class=\"attachment-lgf-column-img1 size-lgf-column-img1\" alt=\"\" \/>   \n        <\/div>\n        \n        <div class=\"inner\">\n                \n                        <h2 class=\"layout2\">Wyzwanie<\/h2>\n                        \n            <p style=\"margin: 0cm; background: white;\"><span style=\"font-family: 'Segoe UI',sans-serif; color: #242424;\">Podejmij wyzwanie i codziennie wykonuj wymagaj\u0105ce zestawy \u0107wicze\u0144<\/span><\/p>\n        \n        <\/div>\n            \n    <\/section>\n\n\n\n\n\n    <section class=\"lgf_column\">\n        \n                <h2 class=\"layout1\">Program<\/h2>\n                \n                    \n            <img loading=\"lazy\" decoding=\"async\" width=\"270\" height=\"256\" src=\"https:\/\/letsgetfit-game.com\/wp-content\/uploads\/2022\/05\/game-mode-challange.png\" class=\"attachment-lgf-column-img1 size-lgf-column-img1\" alt=\"\" \/>            \n                \n        <div class=\"layout3\">\n            <img loading=\"lazy\" decoding=\"async\" width=\"270\" height=\"256\" src=\"https:\/\/letsgetfit-game.com\/wp-content\/uploads\/2022\/05\/game-mode-challange.png\" class=\"attachment-lgf-column-img1 size-lgf-column-img1\" alt=\"\" \/>   \n        <\/div>\n        \n        <div class=\"inner\">\n                \n                        <h2 class=\"layout2\">Program<\/h2>\n                        \n            <p style=\"margin: 0cm; background: white;\"><span style=\"font-family: 'Segoe UI',sans-serif; color: #242424;\">Wybierz program i uko\u0144cz \u0107wiczenia raz dziennie, aby stawa\u0107 si\u0119 coraz lepszym<\/span><\/p>\n        \n        <\/div>\n            \n    <\/section>\n\n\n\n        \n            <\/div>\n            \n        <\/div>\n    <\/section>\n        \n \n\n\n<section \n        class=\"parallax\"\n        style=\"background-image:url('https:\/\/letsgetfit-game.com\/wp-content\/uploads\/2022\/05\/bg_prallax.png'); min-height:200px;\"\n        >\n\t\n\t    \t\n<\/section> \n\n\n    \n\n    <section  data-scrolltitle=\"Straps Tutorial\" >\n        <div class=\"lgf_columns_wrap\">    \n            \n            <h2>Straps Tutorial<\/h2>            \n            <div class=\"lgf_columns lgf_columns_3\" id=\"lgf_columns_block_626b9859c3e07\" >\n        \n                \n\n\n    <section class=\"lgf_column\">\n        \n                <h2 class=\"layout1\">Workout<\/h2>\n                \n                    \n            <img loading=\"lazy\" decoding=\"async\" width=\"229\" height=\"270\" src=\"https:\/\/letsgetfit-game.com\/wp-content\/uploads\/2022\/05\/strap-tutorial-1.png\" class=\"attachment-lgf-column-img1 size-lgf-column-img1\" alt=\"\" \/>            \n                \n        <div class=\"layout3\">\n            <img loading=\"lazy\" decoding=\"async\" width=\"229\" height=\"270\" src=\"https:\/\/letsgetfit-game.com\/wp-content\/uploads\/2022\/05\/strap-tutorial-1.png\" class=\"attachment-lgf-column-img1 size-lgf-column-img1\" alt=\"\" \/>   \n        <\/div>\n        \n        <div class=\"inner\">\n                \n                        <h2 class=\"layout2\">Workout<\/h2>\n                        \n            <p style=\"text-align: left;\">Owi\u0144 kr\u00f3tsz\u0105 opask\u0119 wok\u00f3\u0142 prawego nadgarstka, tak aby strona z nadrukiem by\u0142a skierowana w twoj\u0105 stron\u0119.<\/p>\n        \n        <\/div>\n            \n    <\/section>\n\n\n\n\n\n    <section class=\"lgf_column\">\n        \n                <h2 class=\"layout1\">Workout<\/h2>\n                \n                    \n            <img loading=\"lazy\" decoding=\"async\" width=\"229\" height=\"270\" src=\"https:\/\/letsgetfit-game.com\/wp-content\/uploads\/2022\/05\/strap-tutorial-2.png\" class=\"attachment-lgf-column-img1 size-lgf-column-img1\" alt=\"\" \/>            \n                \n        <div class=\"layout3\">\n            <img loading=\"lazy\" decoding=\"async\" width=\"229\" height=\"270\" src=\"https:\/\/letsgetfit-game.com\/wp-content\/uploads\/2022\/05\/strap-tutorial-2.png\" class=\"attachment-lgf-column-img1 size-lgf-column-img1\" alt=\"\" \/>   \n        <\/div>\n        \n        <div class=\"inner\">\n                \n                        <h2 class=\"layout2\">Workout<\/h2>\n                        \n            <p style=\"text-align: left;\">W\u0142\u00f3\u017c kontroler Joy-Con (R) do opaski na r\u0119k\u0119.<\/p>\n        \n        <\/div>\n            \n    <\/section>\n\n\n\n\n\n    <section class=\"lgf_column\">\n        \n                <h2 class=\"layout1\">Workout<\/h2>\n                \n                    \n            <img loading=\"lazy\" decoding=\"async\" width=\"213\" height=\"270\" src=\"https:\/\/letsgetfit-game.com\/wp-content\/uploads\/2022\/05\/strap-tutorial-3-1.png\" class=\"attachment-lgf-column-img1 size-lgf-column-img1\" alt=\"\" \/>            \n                \n        <div class=\"layout3\">\n            <img loading=\"lazy\" decoding=\"async\" width=\"213\" height=\"270\" src=\"https:\/\/letsgetfit-game.com\/wp-content\/uploads\/2022\/05\/strap-tutorial-3-1.png\" class=\"attachment-lgf-column-img1 size-lgf-column-img1\" alt=\"\" \/>   \n        <\/div>\n        \n        <div class=\"inner\">\n                \n                        <h2 class=\"layout2\">Workout<\/h2>\n                        \n            <p style=\"text-align: left;\">Owi\u0144 opask\u0119 na nog\u0119 wok\u00f3\u0142 lewego uda i zaci\u015bnij. Kontroler Joy-Con powinien znajdowa\u0107 si\u0119 na zewn\u0119trznej stronie nogi.<\/p>\n        \n        <\/div>\n            \n    <\/section>\n\n\n\n\n\n    <section class=\"lgf_column\">\n        \n                <h2 class=\"layout1\">Workout<\/h2>\n                \n                    \n            <img loading=\"lazy\" decoding=\"async\" width=\"213\" height=\"270\" src=\"https:\/\/letsgetfit-game.com\/wp-content\/uploads\/2022\/05\/strap-tutorial-4.png\" class=\"attachment-lgf-column-img1 size-lgf-column-img1\" alt=\"\" \/>            \n                \n        <div class=\"layout3\">\n            <img loading=\"lazy\" decoding=\"async\" width=\"213\" height=\"270\" src=\"https:\/\/letsgetfit-game.com\/wp-content\/uploads\/2022\/05\/strap-tutorial-4.png\" class=\"attachment-lgf-column-img1 size-lgf-column-img1\" alt=\"\" \/>   \n        <\/div>\n        \n        <div class=\"inner\">\n                \n                        <h2 class=\"layout2\">Workout<\/h2>\n                        \n            <p style=\"text-align: left;\">W\u0142\u00f3\u017c Joy-Con (L) do paska na nog\u0119.<\/p>\n        \n        <\/div>\n            \n    <\/section>\n\n\n\n        \n            <\/div>\n            \n        <\/div>\n    <\/section>\n        \n \n\n\n<section \n        class=\"parallax\"\n        style=\"background-image:url('https:\/\/letsgetfit-game.com\/wp-content\/uploads\/2022\/05\/bg_prallax.png'); min-height:200px;\"\n        >\n\t\n\t    \t\n<\/section> \n\n\n\n<section  data-scrolltitle=\"Media\" >\n\t\n    <div class=\"gallery\">\n        \n        <h2>Media<\/h2>        \n        <div class=\"lb\">\n                            <img loading=\"lazy\" decoding=\"async\" width=\"1200\" height=\"800\" src=\"https:\/\/letsgetfit-game.com\/wp-content\/uploads\/2022\/04\/Girl_TV_LGF.jpg\" class=\"attachment-lgf-gallery-big size-lgf-gallery-big\" alt=\"\" \/>                            <img loading=\"lazy\" decoding=\"async\" width=\"1200\" height=\"675\" src=\"https:\/\/letsgetfit-game.com\/wp-content\/uploads\/2022\/05\/Julia4_POL.jpg\" class=\"attachment-lgf-gallery-big size-lgf-gallery-big\" alt=\"\" \/>                            <img loading=\"lazy\" decoding=\"async\" width=\"1200\" height=\"675\" src=\"https:\/\/letsgetfit-game.com\/wp-content\/uploads\/2022\/05\/Lucy5_POL.jpg\" class=\"attachment-lgf-gallery-big size-lgf-gallery-big\" alt=\"\" \/>                            <img loading=\"lazy\" decoding=\"async\" width=\"1200\" height=\"675\" src=\"https:\/\/letsgetfit-game.com\/wp-content\/uploads\/2022\/05\/Mike4_POL.jpg\" class=\"attachment-lgf-gallery-big size-lgf-gallery-big\" alt=\"\" \/>                            <img loading=\"lazy\" decoding=\"async\" width=\"1200\" height=\"675\" src=\"https:\/\/letsgetfit-game.com\/wp-content\/uploads\/2022\/05\/MoveList_POL.jpg\" class=\"attachment-lgf-gallery-big size-lgf-gallery-big\" alt=\"\" \/>                            <img loading=\"lazy\" decoding=\"async\" width=\"1200\" height=\"675\" src=\"https:\/\/letsgetfit-game.com\/wp-content\/uploads\/2022\/05\/Jeff9_POL.jpg\" class=\"attachment-lgf-gallery-big size-lgf-gallery-big\" alt=\"\" \/>                    <\/div>\n        \n        <div class=\"grid\">\t\t\n            \t\t\t\n                <img loading=\"lazy\" decoding=\"async\" width=\"640\" height=\"427\" src=\"https:\/\/letsgetfit-game.com\/wp-content\/uploads\/2022\/04\/Girl_TV_LGF.jpg\" class=\"attachment-lgf-gallery-small size-lgf-gallery-small\" alt=\"\" \/>                \n            \t\t\t\n                <img loading=\"lazy\" decoding=\"async\" width=\"640\" height=\"360\" src=\"https:\/\/letsgetfit-game.com\/wp-content\/uploads\/2022\/05\/Julia4_POL.jpg\" class=\"attachment-lgf-gallery-small size-lgf-gallery-small\" alt=\"\" \/>                \n            \t\t\t\n                <img loading=\"lazy\" decoding=\"async\" width=\"640\" height=\"360\" src=\"https:\/\/letsgetfit-game.com\/wp-content\/uploads\/2022\/05\/Lucy5_POL.jpg\" class=\"attachment-lgf-gallery-small size-lgf-gallery-small\" alt=\"\" \/>                \n            \t\t\t\n                <img loading=\"lazy\" decoding=\"async\" width=\"640\" height=\"360\" src=\"https:\/\/letsgetfit-game.com\/wp-content\/uploads\/2022\/05\/Mike4_POL.jpg\" class=\"attachment-lgf-gallery-small size-lgf-gallery-small\" alt=\"\" \/>                \n            \t\t\t\n                <img loading=\"lazy\" decoding=\"async\" width=\"640\" height=\"360\" src=\"https:\/\/letsgetfit-game.com\/wp-content\/uploads\/2022\/05\/MoveList_POL.jpg\" class=\"attachment-lgf-gallery-small size-lgf-gallery-small\" alt=\"\" \/>                \n            \t\t\t\n                <img loading=\"lazy\" decoding=\"async\" width=\"640\" height=\"360\" src=\"https:\/\/letsgetfit-game.com\/wp-content\/uploads\/2022\/05\/Jeff9_POL.jpg\" class=\"attachment-lgf-gallery-small size-lgf-gallery-small\" alt=\"\" \/>                \n            \t\t\n        <\/div>\n\t \n    <\/div>\n    \n<\/section>\n\n\n\n<section \n        class=\"parallax\"\n        style=\"background-image:url('https:\/\/letsgetfit-game.com\/wp-content\/uploads\/2022\/05\/bg_prallax.png'); min-height:200px;\"\n        >\n\t\n\t    \t\n<\/section> \n","protected":false},"excerpt":{"rendered":"","protected":false},"author":1,"featured_media":984,"parent":0,"menu_order":0,"comment_status":"closed","ping_status":"open","template":"","meta":{"footnotes":""},"class_list":["post-1092","page","type-page","status-publish","has-post-thumbnail","hentry"],"acf":[],"_links":{"self":[{"href":"https:\/\/letsgetfit-game.com\/pl\/wp-json\/wp\/v2\/pages\/1092","targetHints":{"allow":["GET"]}}],"collection":[{"href":"https:\/\/letsgetfit-game.com\/pl\/wp-json\/wp\/v2\/pages"}],"about":[{"href":"https:\/\/letsgetfit-game.com\/pl\/wp-json\/wp\/v2\/types\/page"}],"author":[{"embeddable":true,"href":"https:\/\/letsgetfit-game.com\/pl\/wp-json\/wp\/v2\/users\/1"}],"replies":[{"embeddable":true,"href":"https:\/\/letsgetfit-game.com\/pl\/wp-json\/wp\/v2\/comments?post=1092"}],"version-history":[{"count":30,"href":"https:\/\/letsgetfit-game.com\/pl\/wp-json\/wp\/v2\/pages\/1092\/revisions"}],"predecessor-version":[{"id":3072,"href":"https:\/\/letsgetfit-game.com\/pl\/wp-json\/wp\/v2\/pages\/1092\/revisions\/3072"}],"wp:featuredmedia":[{"embeddable":true,"href":"https:\/\/letsgetfit-game.com\/pl\/wp-json\/wp\/v2\/media\/984"}],"wp:attachment":[{"href":"https:\/\/letsgetfit-game.com\/pl\/wp-json\/wp\/v2\/media?parent=1092"}],"curies":[{"name":"wp","href":"https:\/\/api.w.org\/{rel}","templated":true}]}}